{"id":105,"date":"2016-10-07T16:32:48","date_gmt":"2016-10-07T14:32:48","guid":{"rendered":"http:\/\/jkatoulouse.com\/word\/?page_id=105"},"modified":"2016-10-27T20:16:29","modified_gmt":"2016-10-27T18:16:29","slug":"la-jka","status":"publish","type":"page","link":"https:\/\/jkatoulouse.com\/word\/la-jka\/","title":{"rendered":"La JKA"},"content":{"rendered":"<p>La <b>Japan Karate Association<\/b> est l&rsquo;organisation officielle pour enseigner le Karat\u00e9 Shotokan au Japon. Cr\u00e9\u00e9e en 1949 par Sensei Masatochi Nakayama et Sensei Hidetoshi Nishiyama, tous deux \u00e9l\u00e8ves directs du fondateur du style Shotokan, Gishin Funakoshi, la JKA avait pour but de former des experts parmi les \u00e9tudiants des universit\u00e9s japonaises dans l&rsquo;optique de diffuser le Karat\u00e9 Shotokan dans le monde entier. Aujourd&rsquo;hui, la JKA a pour objectif de promouvoir les bienfaits et les valeurs li\u00e9s \u00e0 la pratique du karat\u00e9. Le Karat\u00e9 JKA est le style \u00e0 l&rsquo;origine des formes de karat\u00e9 Shotokan pratiqu\u00e9es dans le monde aujourd&rsquo;hui.<\/p>\n<p>Dans les ann\u00e9es 60, apr\u00e8s les multiples championnats du Japon qui r\u00e9v\u00e9l\u00e8rent des grands ma\u00eetres tels que sensei Kase, sensei Kanazawa, sensei Enoeda, sensei Shirai&#8230;, la JKA envoya dans le monde entier ses experts afin d&rsquo;apporter leur conception du Karat\u00e9. C&rsquo;est donc dans cette \u00e9cole qu&rsquo;ont \u00e9t\u00e9 form\u00e9s tous les instructeurs qui ont d\u00e9velopp\u00e9 le Karat\u00e9 Shotokan en Europe et dans le monde entier. La JKA a son si\u00e8ge au Japon (Tokyo) et est aujourd&rsquo;hui repr\u00e9sent\u00e9e dans plus de 100 pays.<\/p>\n","protected":false},"excerpt":{"rendered":"<p>La Japan Karate Association est l&rsquo;organisation officielle pour enseigner le Karat\u00e9 Shotokan au Japon. Cr\u00e9\u00e9e en 1949 par Sensei Masatochi Nakayama et Sensei Hidetoshi Nishiyama,<\/p>\n","protected":false},"author":1,"featured_media":295,"parent":0,"menu_order":1,"comment_status":"closed","ping_status":"closed","template":"page-templates\/template-portfolio.php","meta":{"footnotes":""},"class_list":["post-105","page","type-page","status-publish","has-post-thumbnail","hentry"],"_links":{"self":[{"href":"https:\/\/jkatoulouse.com\/word\/wp-json\/wp\/v2\/pages\/105","targetHints":{"allow":["GET"]}}],"collection":[{"href":"https:\/\/jkatoulouse.com\/word\/wp-json\/wp\/v2\/pages"}],"about":[{"href":"https:\/\/jkatoulouse.com\/word\/wp-json\/wp\/v2\/types\/page"}],"author":[{"embeddable":true,"href":"https:\/\/jkatoulouse.com\/word\/wp-json\/wp\/v2\/users\/1"}],"replies":[{"embeddable":true,"href":"https:\/\/jkatoulouse.com\/word\/wp-json\/wp\/v2\/comments?post=105"}],"version-history":[{"count":2,"href":"https:\/\/jkatoulouse.com\/word\/wp-json\/wp\/v2\/pages\/105\/revisions"}],"predecessor-version":[{"id":171,"href":"https:\/\/jkatoulouse.com\/word\/wp-json\/wp\/v2\/pages\/105\/revisions\/171"}],"wp:featuredmedia":[{"embeddable":true,"href":"https:\/\/jkatoulouse.com\/word\/wp-json\/wp\/v2\/media\/295"}],"wp:attachment":[{"href":"https:\/\/jkatoulouse.com\/word\/wp-json\/wp\/v2\/media?parent=105"}],"curies":[{"name":"wp","href":"https:\/\/api.w.org\/{rel}","templated":true}]}}