{"id":112,"date":"2016-10-07T16:58:31","date_gmt":"2016-10-07T14:58:31","guid":{"rendered":"http:\/\/jkatoulouse.com\/word\/?page_id=112"},"modified":"2016-10-27T20:16:57","modified_gmt":"2016-10-27T18:16:57","slug":"la-jka-la-trilogie-des-3-k","status":"publish","type":"page","link":"https:\/\/jkatoulouse.com\/word\/la-jka-la-trilogie-des-3-k\/","title":{"rendered":"LA JKA, la trilogie des 3 K"},"content":{"rendered":"<p>A l&rsquo;heure du MMA et du Krav Maga, comment se porte la JKA ? Cr\u00e9\u00e9e en 1949 sous l&rsquo;\u00e9gide de Gichin Funakoshi, la \u00ab\u00a0Japan Karate Association\u00a0\u00bb n&rsquo;a pas vari\u00e9 d&rsquo;un iota.<br \/>\nImplant\u00e9e dans 130 pays, elle se pose en garante d&rsquo;un Karat\u00e9 Shotokan originel.<br \/>\nSans concession sur la tradition, sans modification de sa vision, sa vie est toujours r\u00e9gie par la r\u00e8gle des trois K : Kihon, Kata, Kumite&#8230;Hajime!<\/p>\n<p><a href=\"http:\/\/jkatoulouse.com\/word\/wp-content\/uploads\/2016\/10\/La_trilogie_des_k.pdf\">La trilogie des trois K<\/a><\/p>\n<p>Be Moved By Karate Training<\/p>\n<p>Une visite au Hombu Dojo de la JKA \u00e0 Tokyo lors d&rsquo;un cours instructeurs.<\/p>\n<p><iframe loading=\"lazy\" width=\"783\" height=\"440\" src=\"https:\/\/www.youtube.com\/embed\/os1W9ovau-0?feature=oembed\" frameborder=\"0\" allowfullscreen><\/iframe><\/p>\n","protected":false},"excerpt":{"rendered":"<p>A l&rsquo;heure du MMA et du Krav Maga, comment se porte la JKA ? Cr\u00e9\u00e9e en 1949 sous l&rsquo;\u00e9gide de Gichin Funakoshi, la \u00ab\u00a0Japan Karate<\/p>\n","protected":false},"author":1,"featured_media":293,"parent":0,"menu_order":2,"comment_status":"closed","ping_status":"closed","template":"page-templates\/template-portfolio.php","meta":{"footnotes":""},"class_list":["post-112","page","type-page","status-publish","has-post-thumbnail","hentry"],"_links":{"self":[{"href":"https:\/\/jkatoulouse.com\/word\/wp-json\/wp\/v2\/pages\/112","targetHints":{"allow":["GET"]}}],"collection":[{"href":"https:\/\/jkatoulouse.com\/word\/wp-json\/wp\/v2\/pages"}],"about":[{"href":"https:\/\/jkatoulouse.com\/word\/wp-json\/wp\/v2\/types\/page"}],"author":[{"embeddable":true,"href":"https:\/\/jkatoulouse.com\/word\/wp-json\/wp\/v2\/users\/1"}],"replies":[{"embeddable":true,"href":"https:\/\/jkatoulouse.com\/word\/wp-json\/wp\/v2\/comments?post=112"}],"version-history":[{"count":9,"href":"https:\/\/jkatoulouse.com\/word\/wp-json\/wp\/v2\/pages\/112\/revisions"}],"predecessor-version":[{"id":297,"href":"https:\/\/jkatoulouse.com\/word\/wp-json\/wp\/v2\/pages\/112\/revisions\/297"}],"wp:featuredmedia":[{"embeddable":true,"href":"https:\/\/jkatoulouse.com\/word\/wp-json\/wp\/v2\/media\/293"}],"wp:attachment":[{"href":"https:\/\/jkatoulouse.com\/word\/wp-json\/wp\/v2\/media?parent=112"}],"curies":[{"name":"wp","href":"https:\/\/api.w.org\/{rel}","templated":true}]}}