{"id":60,"date":"2016-10-07T12:13:38","date_gmt":"2016-10-07T10:13:38","guid":{"rendered":"http:\/\/jkatoulouse.com\/word\/?page_id=60"},"modified":"2025-12-03T18:11:55","modified_gmt":"2025-12-03T17:11:55","slug":"instructeurs","status":"publish","type":"page","link":"https:\/\/jkatoulouse.com\/word\/instructeurs\/","title":{"rendered":"St\u00e9phane AYAX"},"content":{"rendered":"<p><a title=\"Cliquer ici\" href=\"http:\/\/www.francejka.com\/ayax-stephane.html\">5e DAN JKA\u00a0<\/a><\/p>\r\n<p><a title=\"Cliquer ici\" href=\"http:\/\/www.francejka.com\/les-responsables-techniques.html\">Responsable Technique R\u00e9gional FJKA<\/a><\/p>\r\n<p>Instructeur Dipl\u00f4m\u00e9 d&rsquo;Etat 1er degr\u00e9<\/p>\r\n\r\n<p>&nbsp;<\/p>\r\n","protected":false},"excerpt":{"rendered":"<p>5e DAN JKA\u00a0 Responsable Technique R\u00e9gional FJKA Instructeur Dipl\u00f4m\u00e9 d&rsquo;Etat 1er degr\u00e9 &nbsp;<\/p>\n","protected":false},"author":1,"featured_media":507,"parent":0,"menu_order":1,"comment_status":"closed","ping_status":"closed","template":"page-templates\/template-team.php","meta":{"footnotes":""},"class_list":["post-60","page","type-page","status-publish","has-post-thumbnail","hentry"],"_links":{"self":[{"href":"https:\/\/jkatoulouse.com\/word\/wp-json\/wp\/v2\/pages\/60","targetHints":{"allow":["GET"]}}],"collection":[{"href":"https:\/\/jkatoulouse.com\/word\/wp-json\/wp\/v2\/pages"}],"about":[{"href":"https:\/\/jkatoulouse.com\/word\/wp-json\/wp\/v2\/types\/page"}],"author":[{"embeddable":true,"href":"https:\/\/jkatoulouse.com\/word\/wp-json\/wp\/v2\/users\/1"}],"replies":[{"embeddable":true,"href":"https:\/\/jkatoulouse.com\/word\/wp-json\/wp\/v2\/comments?post=60"}],"version-history":[{"count":8,"href":"https:\/\/jkatoulouse.com\/word\/wp-json\/wp\/v2\/pages\/60\/revisions"}],"predecessor-version":[{"id":16479,"href":"https:\/\/jkatoulouse.com\/word\/wp-json\/wp\/v2\/pages\/60\/revisions\/16479"}],"wp:featuredmedia":[{"embeddable":true,"href":"https:\/\/jkatoulouse.com\/word\/wp-json\/wp\/v2\/media\/507"}],"wp:attachment":[{"href":"https:\/\/jkatoulouse.com\/word\/wp-json\/wp\/v2\/media?parent=60"}],"curies":[{"name":"wp","href":"https:\/\/api.w.org\/{rel}","templated":true}]}}